{"id":121,"date":"2011-01-01T00:00:09","date_gmt":"2011-01-01T00:00:09","guid":{"rendered":"http:\/\/photo.ys76.de\/?page_id=121"},"modified":"2021-12-10T10:46:12","modified_gmt":"2021-12-10T10:46:12","slug":"impressum","status":"publish","type":"page","link":"https:\/\/verwayen.com\/photo\/?page_id=121","title":{"rendered":"Impressum"},"content":{"rendered":"<p>Alle unter dieser Domain vorliegenden Informationen, redaktionelle Beitr\u00e4ge sowie Grafiken dieser Internetpr\u00e4senz unterliegen dem Urheberrecht. \u00dcbernahme, Speicherung, Vervielf\u00e4ltigung, Wiedergabe und sonstige Verwendung gleich welcher Art ist &#8211; auch auszugsweise &#8211; nur nach vorheriger schriftlicher Genehmigung unter eindeutiger Quellenangabe erlaubt. Irrt\u00fcmer und \u00c4nderungen vorbehalten. Alle Ver\u00f6ffentlichungen erfolgen ohne Gew\u00e4hr. F\u00fcr Sch\u00e4den aufgrund fehlerhafte Informationen oder Ver\u00f6ffentlichung keine Haftung, au\u00dfer bei Vorsatz oder grober Fahrl\u00e4ssigkeit. Eine diesbez\u00fcgliche Haftung ist jedoch erst ab dem Zeitpunkt der Kenntnis der konkreten Rechtsverletzung m\u00f6glich.<\/p>\n<p>Bei Links handelt es sich um eine subjektive Auswahl von Verweisen auf Internetseiten dritter Personen. F\u00fcr den Inhalt dieser Seiten sind die jeweiligen Betreiber \/ Verfasser selbst verantwortlich und haftbar. Von etwaigen illegalen, pers\u00f6nlichkeitsverletzenden, moralisch-ethisch oder in sonstiger Weise anst\u00f6\u00dfigen Inhalten distanzieren wir uns hiermit ausdr\u00fccklich.<\/p>\n<p>Bei Beschwerden \u00fcber Inhalte bitten wir um eine Email an den Webmaster \u00fcber untenstehende Email-Adresse. Fragliche und beanstandete Inhalte werden dann &#8211; nach eingehender Pr\u00fcfung &#8211; entfernt. Hierbei wird versucht, eine Frist von 72 Stunden ab Bekanntwerden einzuhalten<\/p>\n<p>Verantwortlich f\u00fcr diese Seite:<br \/>\nRichard Verwayen<br \/>\nBerglandstr. 31<br \/>\n47546 Kalkar<\/p>\n<p>email: abuse -a- verwayen.com<\/p>\n<p>Der Nutzung von im Rahmen der Impressumspflicht ver\u00f6ffentlichten Kontaktdaten durch Dritte zur \u00dcbersendung von nicht ausdr\u00fccklich angeforderter Werbung und Informationsmaterialien wird hiermit ausdr\u00fccklich widersprochen. Die Betreiber der Seiten behalten sich ausdr\u00fccklich rechtliche Schritte im Falle der unverlangten Zusendung von Werbeinformationen, etwa durch Spam-Mails, vor.<\/p>\n","protected":false},"excerpt":{"rendered":"<p>Alle unter dieser Domain vorliegenden Informationen, redaktionelle Beitr\u00e4ge sowie Grafiken dieser Internetpr\u00e4senz unterliegen dem Urheberrecht. \u00dcbernahme, Speicherung, Vervielf\u00e4ltigung, Wiedergabe und sonstige Verwendung gleich welcher Art ist &#8211; auch auszugsweise &#8211; nur nach vorheriger schriftlicher Genehmigung unter eindeutiger Quellenangabe erlaubt. Irrt\u00fcmer und \u00c4nderungen vorbehalten. Alle Ver\u00f6ffentlichungen erfolgen ohne Gew\u00e4hr. F\u00fcr Sch\u00e4den aufgrund fehlerhafte Informationen oder Ver\u00f6ffentlichung &hellip; <a href=\"https:\/\/verwayen.com\/photo\/?page_id=121\" class=\"more-link\">Continue reading <span class=\"screen-reader-text\">Impressum<\/span> <span class=\"meta-nav\">&rarr;<\/span><\/a><\/p>\n","protected":false},"author":1,"featured_media":0,"parent":0,"menu_order":2,"comment_status":"open","ping_status":"open","template":"","meta":{"footnotes":""},"class_list":["post-121","page","type-page","status-publish","hentry"],"_links":{"self":[{"href":"https:\/\/verwayen.com\/photo\/index.php?rest_route=\/wp\/v2\/pages\/121","targetHints":{"allow":["GET"]}}],"collection":[{"href":"https:\/\/verwayen.com\/photo\/index.php?rest_route=\/wp\/v2\/pages"}],"about":[{"href":"https:\/\/verwayen.com\/photo\/index.php?rest_route=\/wp\/v2\/types\/page"}],"author":[{"embeddable":true,"href":"https:\/\/verwayen.com\/photo\/index.php?rest_route=\/wp\/v2\/users\/1"}],"replies":[{"embeddable":true,"href":"https:\/\/verwayen.com\/photo\/index.php?rest_route=%2Fwp%2Fv2%2Fcomments&post=121"}],"version-history":[{"count":15,"href":"https:\/\/verwayen.com\/photo\/index.php?rest_route=\/wp\/v2\/pages\/121\/revisions"}],"predecessor-version":[{"id":1293,"href":"https:\/\/verwayen.com\/photo\/index.php?rest_route=\/wp\/v2\/pages\/121\/revisions\/1293"}],"wp:attachment":[{"href":"https:\/\/verwayen.com\/photo\/index.php?rest_route=%2Fwp%2Fv2%2Fmedia&parent=121"}],"curies":[{"name":"wp","href":"https:\/\/api.w.org\/{rel}","templated":true}]}}